{"id":11086,"date":"2024-10-01T12:48:36","date_gmt":"2024-10-01T12:48:36","guid":{"rendered":"http:\/\/jurek.tqnordic.com\/?page_id=11086"},"modified":"2024-11-07T08:17:43","modified_gmt":"2024-11-07T08:17:43","slug":"valj-verktyg","status":"publish","type":"page","link":"https:\/\/jurek.tqnordic.com\/en\/","title":{"rendered":"V\u00e4lj verktyg"},"content":{"rendered":"<div data-elementor-type=\"wp-page\" data-elementor-id=\"11086\" class=\"elementor elementor-11086\" data-elementor-post-type=\"page\">\n\t\t\t\t<div data-dce-background-color=\"#EEF0F2\" class=\"elementor-element elementor-element-72a7d0a e-flex e-con-boxed e-con e-parent\" data-id=\"72a7d0a\" data-element_type=\"container\" data-settings=\"{&quot;background_background&quot;:&quot;classic&quot;}\">\n\t\t\t\t\t<div class=\"e-con-inner\">\n\t\t\t\t<div class=\"elementor-element elementor-element-aac211d dce_masking-none elementor-widget elementor-widget-image\" data-id=\"aac211d\" data-element_type=\"widget\" data-widget_type=\"image.default\">\n\t\t\t\t<div class=\"elementor-widget-container\">\n\t\t\t\t\t\t\t\t\t\t\t\t\t<img fetchpriority=\"high\" decoding=\"async\" width=\"800\" height=\"362\" src=\"https:\/\/jurek.tqnordic.com\/wp-content\/uploads\/2024\/10\/Jurek-Logotype-RGB-1024x463.png\" class=\"attachment-large size-large wp-image-11887\" alt=\"\" srcset=\"https:\/\/jurek.tqnordic.com\/wp-content\/uploads\/2024\/10\/Jurek-Logotype-RGB-1024x463.png 1024w, https:\/\/jurek.tqnordic.com\/wp-content\/uploads\/2024\/10\/Jurek-Logotype-RGB-300x136.png 300w, https:\/\/jurek.tqnordic.com\/wp-content\/uploads\/2024\/10\/Jurek-Logotype-RGB-768x347.png 768w, https:\/\/jurek.tqnordic.com\/wp-content\/uploads\/2024\/10\/Jurek-Logotype-RGB-1536x695.png 1536w, https:\/\/jurek.tqnordic.com\/wp-content\/uploads\/2024\/10\/Jurek-Logotype-RGB-18x8.png 18w, https:\/\/jurek.tqnordic.com\/wp-content\/uploads\/2024\/10\/Jurek-Logotype-RGB.png 1680w\" sizes=\"(max-width: 800px) 100vw, 800px\" \/>\t\t\t\t\t\t\t\t\t\t\t\t\t<\/div>\n\t\t\t\t<\/div>\n\t\t\t\t<div class=\"elementor-element elementor-element-73b3163 elementor-widget elementor-widget-heading\" data-id=\"73b3163\" data-element_type=\"widget\" data-widget_type=\"heading.default\">\n\t\t\t\t<div class=\"elementor-widget-container\">\n\t\t\t<h2 class=\"elementor-heading-title elementor-size-default\">Julia AI<\/h2>\t\t<\/div>\n\t\t\t\t<\/div>\n\t\t<div class=\"elementor-element elementor-element-2417762 e-con-full e-flex e-con e-child\" data-id=\"2417762\" data-element_type=\"container\">\n\t\t<a class=\"eael-wrapper-link-adc2ba9 --eael-wrapper-link-tag\" href=\"https:\/\/jurek.tqnordic.com\/en\/verktyg\/jobbannonsgenerering\/\"><\/a><div data-eael-wrapper-link=\"eael-wrapper-link-adc2ba9\" data-dce-background-color=\"#FFFFFF\" class=\"elementor-element elementor-element-adc2ba9 e-con-full e-flex e-con e-child\" data-id=\"adc2ba9\" data-element_type=\"container\" data-settings=\"{&quot;background_background&quot;:&quot;classic&quot;}\">\n\t\t\t\t<div class=\"elementor-element elementor-element-e110016 elementor-widget elementor-widget-heading\" data-id=\"e110016\" data-element_type=\"widget\" data-widget_type=\"heading.default\">\n\t\t\t\t<div class=\"elementor-widget-container\">\n\t\t\t<h2 class=\"elementor-heading-title elementor-size-default\">Jobbannonsgenerering<\/h2>\t\t<\/div>\n\t\t\t\t<\/div>\n\t\t\t\t<div class=\"elementor-element elementor-element-56b4844 elementor-widget elementor-widget-heading\" data-id=\"56b4844\" data-element_type=\"widget\" data-widget_type=\"heading.default\">\n\t\t\t\t<div class=\"elementor-widget-container\">\n\t\t\t<h2 class=\"elementor-heading-title elementor-size-default\">F\u00e5 f\u00e4rdiga, kompetensbaserade jobbannonser<\/h2>\t\t<\/div>\n\t\t\t\t<\/div>\n\t\t\t\t<\/div>\n\t\t<a class=\"eael-wrapper-link-b0d2f72 --eael-wrapper-link-tag\" href=\"https:\/\/jurek.tqnordic.com\/en\/verktyg\/intervjuforberedelse\/\"><\/a><div data-eael-wrapper-link=\"eael-wrapper-link-b0d2f72\" data-dce-background-color=\"#FFFFFF\" class=\"elementor-element elementor-element-b0d2f72 e-con-full e-flex e-con e-child\" data-id=\"b0d2f72\" data-element_type=\"container\" data-settings=\"{&quot;background_background&quot;:&quot;classic&quot;}\">\n\t\t\t\t<div class=\"elementor-element elementor-element-37e4f18 elementor-widget elementor-widget-heading\" data-id=\"37e4f18\" data-element_type=\"widget\" data-widget_type=\"heading.default\">\n\t\t\t\t<div class=\"elementor-widget-container\">\n\t\t\t<h2 class=\"elementor-heading-title elementor-size-default\">Intervjuf\u00f6rberedelse<\/h2>\t\t<\/div>\n\t\t\t\t<\/div>\n\t\t\t\t<div class=\"elementor-element elementor-element-75df5a0 elementor-widget elementor-widget-heading\" data-id=\"75df5a0\" data-element_type=\"widget\" data-widget_type=\"heading.default\">\n\t\t\t\t<div class=\"elementor-widget-container\">\n\t\t\t<h2 class=\"elementor-heading-title elementor-size-default\">F\u00e5 f\u00e4rdiga, kompetensbaserade intervjufr\u00e5gor<\/h2>\t\t<\/div>\n\t\t\t\t<\/div>\n\t\t\t\t<\/div>\n\t\t<a class=\"eael-wrapper-link-144e598 --eael-wrapper-link-tag\" href=\"https:\/\/jurek.tqnordic.com\/en\/verktyg\/kandidatjamforelse\/\"><\/a><div data-eael-wrapper-link=\"eael-wrapper-link-144e598\" data-dce-background-color=\"#FFFFFF\" class=\"elementor-element elementor-element-144e598 e-con-full e-flex e-con e-child\" data-id=\"144e598\" data-element_type=\"container\" data-settings=\"{&quot;background_background&quot;:&quot;classic&quot;}\">\n\t\t\t\t<div class=\"elementor-element elementor-element-efd2dfa elementor-widget elementor-widget-heading\" data-id=\"efd2dfa\" data-element_type=\"widget\" data-widget_type=\"heading.default\">\n\t\t\t\t<div class=\"elementor-widget-container\">\n\t\t\t<h2 class=\"elementor-heading-title elementor-size-default\">Kandidatj\u00e4mf\u00f6relse<\/h2>\t\t<\/div>\n\t\t\t\t<\/div>\n\t\t\t\t<div class=\"elementor-element elementor-element-d6685d1 elementor-widget elementor-widget-heading\" data-id=\"d6685d1\" data-element_type=\"widget\" data-widget_type=\"heading.default\">\n\t\t\t\t<div class=\"elementor-widget-container\">\n\t\t\t<h2 class=\"elementor-heading-title elementor-size-default\">J\u00e4mf\u00f6r kandidater mot en jobbannons f\u00f6r att hitta b\u00e4sta matchen<\/h2>\t\t<\/div>\n\t\t\t\t<\/div>\n\t\t\t\t<\/div>\n\t\t\t\t<\/div>\n\t\t<div class=\"elementor-element elementor-element-5b45bef e-con-full e-flex e-con e-child\" data-id=\"5b45bef\" data-element_type=\"container\">\n\t\t<a class=\"eael-wrapper-link-4f4fa9c --eael-wrapper-link-tag\" href=\"https:\/\/jurek.tqnordic.com\/en\/verktyg\/kandidatsammanfattning\/\"><\/a><div data-eael-wrapper-link=\"eael-wrapper-link-4f4fa9c\" data-dce-background-color=\"#FFFFFF\" class=\"elementor-element elementor-element-4f4fa9c e-con-full e-flex e-con e-child\" data-id=\"4f4fa9c\" data-element_type=\"container\" data-settings=\"{&quot;background_background&quot;:&quot;classic&quot;}\">\n\t\t\t\t<div class=\"elementor-element elementor-element-3c011d9 elementor-widget elementor-widget-heading\" data-id=\"3c011d9\" data-element_type=\"widget\" data-widget_type=\"heading.default\">\n\t\t\t\t<div class=\"elementor-widget-container\">\n\t\t\t<h2 class=\"elementor-heading-title elementor-size-default\">Kandidatsammanfattning<\/h2>\t\t<\/div>\n\t\t\t\t<\/div>\n\t\t\t\t<div class=\"elementor-element elementor-element-a5a6f84 elementor-widget elementor-widget-heading\" data-id=\"a5a6f84\" data-element_type=\"widget\" data-widget_type=\"heading.default\">\n\t\t\t\t<div class=\"elementor-widget-container\">\n\t\t\t<h2 class=\"elementor-heading-title elementor-size-default\">Samla allt du vet om kandidaten och f\u00e5 en komplett sammanfattning<\/h2>\t\t<\/div>\n\t\t\t\t<\/div>\n\t\t\t\t<\/div>\n\t\t<a class=\"eael-wrapper-link-629095f --eael-wrapper-link-tag\" href=\"http:\/\/jurek.tqnordic.com\/en\/verktyg\/onboardignmaterial\/\"><\/a><div data-eael-wrapper-link=\"eael-wrapper-link-629095f\" data-dce-background-color=\"#FFFFFF\" class=\"elementor-element elementor-element-629095f e-con-full e-flex e-con e-child\" data-id=\"629095f\" data-element_type=\"container\" data-settings=\"{&quot;background_background&quot;:&quot;classic&quot;}\">\n\t\t\t\t<div class=\"elementor-element elementor-element-10aa4a1 elementor-widget elementor-widget-heading\" data-id=\"10aa4a1\" data-element_type=\"widget\" data-widget_type=\"heading.default\">\n\t\t\t\t<div class=\"elementor-widget-container\">\n\t\t\t<h2 class=\"elementor-heading-title elementor-size-default\">Onboardingmaterial<\/h2>\t\t<\/div>\n\t\t\t\t<\/div>\n\t\t\t\t<div class=\"elementor-element elementor-element-368ce0b elementor-widget elementor-widget-heading\" data-id=\"368ce0b\" data-element_type=\"widget\" data-widget_type=\"heading.default\">\n\t\t\t\t<div class=\"elementor-widget-container\">\n\t\t\t<h2 class=\"elementor-heading-title elementor-size-default\">F\u00e5 en onboardingplan baserat p\u00e5 roll och arbetsplats<\/h2>\t\t<\/div>\n\t\t\t\t<\/div>\n\t\t\t\t<\/div>\n\t\t<a class=\"eael-wrapper-link-0e37845 --eael-wrapper-link-tag\" href=\"https:\/\/jurek.tqnordic.com\/en\/verktyg\/chatt\/\"><\/a><div data-eael-wrapper-link=\"eael-wrapper-link-0e37845\" data-dce-background-color=\"#FFFFFF\" class=\"elementor-element elementor-element-0e37845 e-con-full e-flex e-con e-child\" data-id=\"0e37845\" data-element_type=\"container\" data-settings=\"{&quot;background_background&quot;:&quot;classic&quot;}\">\n\t\t\t\t<div class=\"elementor-element elementor-element-a2941de elementor-widget elementor-widget-heading\" data-id=\"a2941de\" data-element_type=\"widget\" data-widget_type=\"heading.default\">\n\t\t\t\t<div class=\"elementor-widget-container\">\n\t\t\t<h2 class=\"elementor-heading-title elementor-size-default\">Chat<\/h2>\t\t<\/div>\n\t\t\t\t<\/div>\n\t\t\t\t<div class=\"elementor-element elementor-element-e18ad63 elementor-widget elementor-widget-heading\" data-id=\"e18ad63\" data-element_type=\"widget\" data-widget_type=\"heading.default\">\n\t\t\t\t<div class=\"elementor-widget-container\">\n\t\t\t<h2 class=\"elementor-heading-title elementor-size-default\">Chatta med Jureks egna AI, Julia, expert p\u00e5 rekrytering och urval<\/h2>\t\t<\/div>\n\t\t\t\t<\/div>\n\t\t\t\t<\/div>\n\t\t\t\t<\/div>\n\t\t<div class=\"elementor-element elementor-element-70c5952 e-con-full e-flex e-con e-child\" data-id=\"70c5952\" data-element_type=\"container\">\n\t\t<a class=\"eael-wrapper-link-f0ce06e --eael-wrapper-link-tag\" href=\"https:\/\/jurek.tqnordic.com\/en\/verktyg\/kandidatsammanfattning\/\"><\/a><div data-eael-wrapper-link=\"eael-wrapper-link-f0ce06e\" data-dce-background-color=\"#FFFFFF\" class=\"elementor-element elementor-element-f0ce06e e-con-full e-flex e-con e-child\" data-id=\"f0ce06e\" data-element_type=\"container\" data-settings=\"{&quot;background_background&quot;:&quot;classic&quot;}\">\n\t\t\t\t<div class=\"elementor-element elementor-element-651a85c elementor-widget elementor-widget-heading\" data-id=\"651a85c\" data-element_type=\"widget\" data-widget_type=\"heading.default\">\n\t\t\t\t<div class=\"elementor-widget-container\">\n\t\t\t<h2 class=\"elementor-heading-title elementor-size-default\">Domarn\u00e4mnden<\/h2>\t\t<\/div>\n\t\t\t\t<\/div>\n\t\t\t\t<div class=\"elementor-element elementor-element-0965913 elementor-widget elementor-widget-heading\" data-id=\"0965913\" data-element_type=\"widget\" data-widget_type=\"heading.default\">\n\t\t\t\t<div class=\"elementor-widget-container\">\n\t\t\t<h2 class=\"elementor-heading-title elementor-size-default\">L\u00f6senordsskyddat verktyg<\/h2>\t\t<\/div>\n\t\t\t\t<\/div>\n\t\t\t\t<\/div>\n\t\t\t\t<\/div>\n\t\t\t\t\t<\/div>\n\t\t\t\t<\/div>\n\t\t\t\t<\/div>","protected":false},"excerpt":{"rendered":"<p>Julia AI Jobbannonsgenerering F\u00e5 f\u00e4rdiga, kompetensbaserade jobbannonser Intervjuf\u00f6rberedelse F\u00e5 f\u00e4rdiga, kompetensbaserade intervjufr\u00e5gor Kandidatj\u00e4mf\u00f6relse J\u00e4mf\u00f6r kandidater mot en jobbannons f\u00f6r att hitta b\u00e4sta matchen Kandidatsammanfattning Samla allt du vet om kandidaten och f\u00e5 en komplett sammanfattning Onboardingmaterial F\u00e5 en onboardingplan baserat p\u00e5 roll och arbetsplats Chatt Chatta med Jureks egna AI, Julia, expert p\u00e5 rekrytering och [&hellip;]<\/p>","protected":false},"author":1,"featured_media":0,"parent":0,"menu_order":0,"comment_status":"closed","ping_status":"closed","template":"","meta":{"_acf_changed":false,"footnotes":""},"class_list":["post-11086","page","type-page","status-publish","hentry"],"acf":[],"_links":{"self":[{"href":"https:\/\/jurek.tqnordic.com\/en\/wp-json\/wp\/v2\/pages\/11086","targetHints":{"allow":["GET"]}}],"collection":[{"href":"https:\/\/jurek.tqnordic.com\/en\/wp-json\/wp\/v2\/pages"}],"about":[{"href":"https:\/\/jurek.tqnordic.com\/en\/wp-json\/wp\/v2\/types\/page"}],"author":[{"embeddable":true,"href":"https:\/\/jurek.tqnordic.com\/en\/wp-json\/wp\/v2\/users\/1"}],"replies":[{"embeddable":true,"href":"https:\/\/jurek.tqnordic.com\/en\/wp-json\/wp\/v2\/comments?post=11086"}],"version-history":[{"count":130,"href":"https:\/\/jurek.tqnordic.com\/en\/wp-json\/wp\/v2\/pages\/11086\/revisions"}],"predecessor-version":[{"id":11958,"href":"https:\/\/jurek.tqnordic.com\/en\/wp-json\/wp\/v2\/pages\/11086\/revisions\/11958"}],"wp:attachment":[{"href":"https:\/\/jurek.tqnordic.com\/en\/wp-json\/wp\/v2\/media?parent=11086"}],"curies":[{"name":"wp","href":"https:\/\/api.w.org\/{rel}","templated":true}]}}